{"id":68,"date":"2025-01-09T22:41:40","date_gmt":"2025-01-09T22:41:40","guid":{"rendered":"https:\/\/www.futuresforum.ca\/content-hub\/"},"modified":"2025-03-11T16:44:38","modified_gmt":"2025-03-11T16:44:38","slug":"ressources","status":"publish","type":"page","link":"https:\/\/www.futuresforum.ca\/fr\/ressources\/","title":{"rendered":"Ressources"},"content":{"rendered":"<div class=\"row\">\n<div class=\"col-12 col-lg-8\">\n<p class=\"lead\"><strong>Votre r\u00e9pertoire de choix pour trouver des id\u00e9es, des tendances et de l\u2019inspiration. <\/strong><\/p>\n<p class=\"lead\">La section Ressources vise \u00e0 alimenter la r\u00e9flexion et donner aux chefs des \u00e9tablissements membres de CICan les outils, les connaissances et l\u2019inspiration dont ils et elles ont besoin pour relever les d\u00e9fis d\u2019aujourd\u2019hui et apporter des changements significatifs.<\/p>\n<p>Vous y trouverez des blogues, des entrevues de sp\u00e9cialistes, des balados et de courts articles qui vous proposeront des strat\u00e9gies avant-gardistes et de l\u2019information exploitable. <\/p><\/div>\n<div class=\"col-12 col-lg-4\"><img loading=\"lazy\" decoding=\"async\" src=\"https:\/\/www.futuresforum.ca\/wp-content\/uploads\/2025\/01\/FF-graphic_12.jpg\" alt=\"\" width=\"594\" height=\"533\" class=\"alignnone size-full wp-image-23\" srcset=\"https:\/\/www.futuresforum.ca\/wp-content\/uploads\/2025\/01\/FF-graphic_12.jpg 594w, https:\/\/www.futuresforum.ca\/wp-content\/uploads\/2025\/01\/FF-graphic_12-300x269.jpg 300w\" sizes=\"auto, (max-width: 594px) 100vw, 594px\" \/><\/div>\n<\/div>\n<div class=\"row border-top pt-5 mt-5\">\n<div class=\"col-12 col-lg-4\">\n<div class=\"pe-4\">\n<h3>Les coll\u00e8ges et instituts au service de la prosp\u00e9rit\u00e9 et de la r\u00e9silience du Canada<\/h3>\n<p>Le Canada traverse une p\u00e9riode houleuse. La menace d\u2019imposition de droits de douane g\u00e9n\u00e9ralis\u00e9s par les \u00c9tats-Unis met en p\u00e9ril nos emplois, nos produits et nos portefeuilles&#8230;<br \/>\n<a href=\"https:\/\/www.collegesinstitutes.ca\/fr\/les-colleges-et-instituts-au-service-de-la-prosperite-et-de-la-resilience-du-canada\/\" class=\"btn btn-primary mt-4\">Lire la suite<\/a>\n<\/div>\n<\/div>\n<div class=\"col-12 col-lg-4\">\n<div class=\"pe-4\">\n<h3>De l\u2019importance des coll\u00e8ges et des instituts<\/h3>\n<p>Cela fait un an cette semaine que je suis arriv\u00e9e \u00e0 CICan. Depuis, la situation de notre secteur a \u00e9t\u00e9 chamboul\u00e9e \u00e0 plus d\u2019un titre. Mais ce que j\u2019ai retenu de mes douze premiers mois de travail est que, plus que jamais, le travail que nous accomplissons est important. Tr\u00e8s important&#8230;<br \/>\n<a href=\"https:\/\/www.collegesinstitutes.ca\/fr\/de-limportance-des-colleges-et-des-instituts\/\" class=\"btn btn-primary mt-4\">Lire la suite<\/a>\n<\/div>\n<\/div>\n<div class=\"col-12 col-lg-4\">\n<div class=\"pe-4\">\n<h3>Dans le cadre du d\u00e9bat sur la main-d\u2019\u0153uvre au Canada, notre voix importe<\/h3>\n<p>Cette semaine, je participe au Sommet sur la main-d\u2019\u0153uvre 2024 organis\u00e9 par Randy Boissonnault, ministre de l\u2019Emploi, du D\u00e9veloppement de la main-d\u2019\u0153uvre et des Langues officielles. Ce sommet rassemblera plus de 200\u202fleaders d\u2019opinion. Il a pour but de recueillir divers points de vue sur la fa\u00e7on de b\u00e2tir au Canada un march\u00e9 du travail moderne, inclusif et productif pour le 21e\u202fsi\u00e8cle&#8230;<br \/>\n<a href=\"https:\/\/www.collegesinstitutes.ca\/fr\/dans-le-cadre-du-debat-sur-la-main-doeuvre-au-canada-notre-voix-importe\/\" class=\"btn btn-primary mt-4\">Lire la suite<\/a>\n<\/div>\n<\/div>\n<div class=\"col-12 col-lg-4\">\n<div class=\"pe-4\">\n<h3>Une nouvelle orientation strat\u00e9gique<\/h3>\n<p>Les Canadiennes et Canadiens peuvent s\u2019attendre \u00e0 de nombreux changements au cours des 18 prochains mois. Dans la perspective des prochaines \u00e9lections f\u00e9d\u00e9rales, il est clair que les coll\u00e8ges et instituts non seulement peuvent, mais aussi se doivent de concentrer leurs efforts sur les besoins les plus pressants du Canada&#8230;<br \/>\n<a href=\"https:\/\/www.collegesinstitutes.ca\/fr\/une-nouvelle-orientation-strategique\/\" class=\"btn btn-primary mt-4\">Lire la suite<\/a>\n<\/div>\n<\/div>\n<\/div>\n","protected":false},"excerpt":{"rendered":"<p>Votre r\u00e9pertoire de choix pour trouver des id\u00e9es, des tendances et de l\u2019inspiration. La section Ressources vise \u00e0 alimenter la r\u00e9flexion et donner aux chefs des \u00e9tablissements membres de CICan les outils, les connaissances et l\u2019inspiration dont ils et elles ont besoin pour relever les d\u00e9fis d\u2019aujourd\u2019hui et apporter des changements significatifs. Vous y trouverez [&hellip;]<\/p>\n","protected":false},"author":1,"featured_media":0,"parent":0,"menu_order":0,"comment_status":"closed","ping_status":"closed","template":"","meta":{"_acf_changed":false,"footnotes":""},"class_list":["post-68","page","type-page","status-publish","hentry"],"acf":[],"_links":{"self":[{"href":"https:\/\/www.futuresforum.ca\/fr\/wp-json\/wp\/v2\/pages\/68","targetHints":{"allow":["GET"]}}],"collection":[{"href":"https:\/\/www.futuresforum.ca\/fr\/wp-json\/wp\/v2\/pages"}],"about":[{"href":"https:\/\/www.futuresforum.ca\/fr\/wp-json\/wp\/v2\/types\/page"}],"author":[{"embeddable":true,"href":"https:\/\/www.futuresforum.ca\/fr\/wp-json\/wp\/v2\/users\/1"}],"replies":[{"embeddable":true,"href":"https:\/\/www.futuresforum.ca\/fr\/wp-json\/wp\/v2\/comments?post=68"}],"version-history":[{"count":0,"href":"https:\/\/www.futuresforum.ca\/fr\/wp-json\/wp\/v2\/pages\/68\/revisions"}],"wp:attachment":[{"href":"https:\/\/www.futuresforum.ca\/fr\/wp-json\/wp\/v2\/media?parent=68"}],"curies":[{"name":"wp","href":"https:\/\/api.w.org\/{rel}","templated":true}]}}