{"id":64,"date":"2025-01-09T22:41:00","date_gmt":"2025-01-09T22:41:00","guid":{"rendered":"https:\/\/www.futuresforum.ca\/presidents-circle\/"},"modified":"2025-01-10T15:11:57","modified_gmt":"2025-01-10T15:11:57","slug":"cercle-des-presidences-et-directions-generales","status":"publish","type":"page","link":"https:\/\/www.futuresforum.ca\/fr\/cercle-des-presidences-et-directions-generales\/","title":{"rendered":"Cercle des pr\u00e9sidences et directions g\u00e9n\u00e9rales"},"content":{"rendered":"<div class=\"row\">\n<div class=\"col-12 col-lg-7\">\n<p class=\"lead\">Le Cercle des pr\u00e9sidences et directions g\u00e9n\u00e9rales de CICan est l\u2019endroit o\u00f9 les chefs d\u2019\u00e9tablissements \u2013 coll\u00e8ges et instituts \u2013 publics du Canada se r\u00e9unissent pour fa\u00e7onner l\u2019avenir de l\u2019\u00e9ducation postsecondaire, une discussion \u00e0 la fois. <\/p>\n<p>Ces discussions mensuelles entre pairs offrent aux dirigeant\u00b7es un espace exclusif et fiable pour \u00e9changer sur les enjeux les plus pressants auxquels sont confront\u00e9s leurs \u00e9tablissements et le secteur. Orchestr\u00e9es par la <a href=\"https:\/\/www.collegesinstitutes.ca\/fr\/a-propos\/presidente-directrice-generale\/\" target=\"_blank\">pr\u00e9sidente-directrice g\u00e9n\u00e9rale de CICan, Pari Johnston<\/a>, ces s\u00e9ances percutantes provoqueront des dialogues pertinents, favoriseront l\u2019\u00e9tablissement de relations strat\u00e9giques et procureront des renseignements pratiques que les participant\u00b7es pourront utiliser sur leurs campus. <\/p>\n<p>Dans ces s\u00e9ances, de grands esprits du Canada et d\u2019ailleurs pr\u00e9senteront de nouvelles perspectives et des approches novatrices. Les s\u00e9ances interactives s\u2019appuient sur des outils num\u00e9riques permettant de recueillir des avis et, aux participant.es, d\u2019\u00e9laborer ensemble les futurs programmes.<\/p><\/div>\n<div class=\"col-12 col-lg-5\"><img loading=\"lazy\" decoding=\"async\" src=\"https:\/\/www.futuresforum.ca\/wp-content\/uploads\/2025\/01\/FF-graphic_9.jpg\" alt=\"\" width=\"595\" height=\"533\" class=\"alignnone size-full wp-image-27\" srcset=\"https:\/\/www.futuresforum.ca\/wp-content\/uploads\/2025\/01\/FF-graphic_9.jpg 595w, https:\/\/www.futuresforum.ca\/wp-content\/uploads\/2025\/01\/FF-graphic_9-300x269.jpg 300w\" sizes=\"auto, (max-width: 595px) 100vw, 595px\" \/><\/div>\n<\/div>\n<h2 class=\"border-top mt-5 pt-5\">Pourquoi y participer? <\/h2>\n<div class=\"divider-sm\"><\/div>\n<ul>\n<li>Pour prendre part \u00e0 des discussions cibl\u00e9es sur des sujets pertinents, ax\u00e9s sur le secteur, notamment l\u2019augmentation et la diversification de la population \u00e9tudiante nationale; l\u2019offre de services \u00e9ducatifs \u00e0 l\u2019\u00e8re du num\u00e9rique; les mod\u00e8les d\u2019entreprise innovants et les services partag\u00e9s; l\u2019argument en faveur des \u00e9tudes coll\u00e9giales transnationales.<\/li>\n<li>Pour entendre les personnalit\u00e9s invit\u00e9es, livrer de pr\u00e9cieuses r\u00e9flexions et informations et des connaissances sp\u00e9cialis\u00e9es.<\/li>\n<li>Pour engranger des id\u00e9es claires et pratiques applicables dans votre \u00e9tablissement et dans votre milieu.<\/li>\n<li>Pour recevoir un r\u00e9sum\u00e9 des faits saillants de la s\u00e9ance qui maintiendra l\u2019inspiration des leaders et pr\u00e9servera les liens qui les unissent.<\/li>\n<\/ul>\n<p><strong>Format :<\/strong> Les s\u00e9ances se d\u00e9roulent par Zoom pour une accessibilit\u00e9 et une flexibilit\u00e9 accrues.<\/p>\n<h2 class=\"border-top mt-5 pt-5\">Comment se joindre aux s\u00e9ances<\/h2>\n<div class=\"divider-sm\"><\/div>\n<p class=\"lead\"><strong>Il s&rsquo;agit d&rsquo;un \u00e9v\u00e9nement ferm\u00e9, sur invitation uniquement.<\/strong> Les invitations seront envoy\u00e9es directement dans les bo\u00eetes de r\u00e9ception des responsables des institutions <a href=\"https:\/\/www.collegesinstitutes.ca\/fr\/colleges-instituts-communaute\/nos-membres\/\" target=\"_blank\">membres du CICan<\/a>.<\/p>\n<p>Si vous pensez que vous auriez d\u00fb recevoir une invitation mais que vous ne l&rsquo;avez pas re\u00e7ue, veuillez contacter <a href=\"mailto:info@cican.org\">info@cican.org<\/a> pour obtenir de l&rsquo;aide. <\/p>\n","protected":false},"excerpt":{"rendered":"<p>Le Cercle des pr\u00e9sidences et directions g\u00e9n\u00e9rales de CICan est l\u2019endroit o\u00f9 les chefs d\u2019\u00e9tablissements \u2013 coll\u00e8ges et instituts \u2013 publics du Canada se r\u00e9unissent pour fa\u00e7onner l\u2019avenir de l\u2019\u00e9ducation postsecondaire, une discussion \u00e0 la fois. Ces discussions mensuelles entre pairs offrent aux dirigeant\u00b7es un espace exclusif et fiable pour \u00e9changer sur les enjeux les [&hellip;]<\/p>\n","protected":false},"author":1,"featured_media":0,"parent":0,"menu_order":0,"comment_status":"closed","ping_status":"closed","template":"","meta":{"_acf_changed":false,"footnotes":""},"class_list":["post-64","page","type-page","status-publish","hentry"],"acf":[],"_links":{"self":[{"href":"https:\/\/www.futuresforum.ca\/fr\/wp-json\/wp\/v2\/pages\/64","targetHints":{"allow":["GET"]}}],"collection":[{"href":"https:\/\/www.futuresforum.ca\/fr\/wp-json\/wp\/v2\/pages"}],"about":[{"href":"https:\/\/www.futuresforum.ca\/fr\/wp-json\/wp\/v2\/types\/page"}],"author":[{"embeddable":true,"href":"https:\/\/www.futuresforum.ca\/fr\/wp-json\/wp\/v2\/users\/1"}],"replies":[{"embeddable":true,"href":"https:\/\/www.futuresforum.ca\/fr\/wp-json\/wp\/v2\/comments?post=64"}],"version-history":[{"count":0,"href":"https:\/\/www.futuresforum.ca\/fr\/wp-json\/wp\/v2\/pages\/64\/revisions"}],"wp:attachment":[{"href":"https:\/\/www.futuresforum.ca\/fr\/wp-json\/wp\/v2\/media?parent=64"}],"curies":[{"name":"wp","href":"https:\/\/api.w.org\/{rel}","templated":true}]}}